{"id":42447,"date":"2025-03-24T22:09:56","date_gmt":"2025-03-24T22:09:56","guid":{"rendered":"https:\/\/melanybrown.com\/product\/chaussures-taylor-noir\/"},"modified":"2026-04-03T12:22:20","modified_gmt":"2026-04-03T12:22:20","slug":"sandales-taylor-noir","status":"publish","type":"product","link":"https:\/\/melanybrown.com\/fr\/sandales-taylor-noir\/","title":{"rendered":"Sandales TAYLOR Noir"},"content":{"rendered":"","protected":false},"excerpt":{"rendered":"<p>On craque pour ces superbes sandales plates en similicuir dot\u00e9es de bandes intercrois\u00e9es sur le devant qui donnent un look \u00e0 la fois sobre et \u00e9l\u00e9gant. Elles sont dot\u00e9es de semelles rembourr\u00e9es pour ajouter du confort et seront votre alli\u00e9 pr\u00e9f\u00e9r\u00e9 pour tous les jours!<\/p>\n","protected":false},"featured_media":76002,"comment_status":"open","ping_status":"closed","template":"","meta":[],"product_brand":[],"product_cat":[405,421],"product_tag":[],"class_list":{"0":"post-42447","1":"product","2":"type-product","3":"status-publish","4":"has-post-thumbnail","6":"product_cat-chaussures","7":"product_cat-chaussures-plates","9":"first","10":"instock","11":"sale","12":"taxable","13":"shipping-taxable","14":"purchasable","15":"product-type-variable","16":"has-default-attributes"},"_links":{"self":[{"href":"https:\/\/melanybrown.com\/fr\/wp-json\/wp\/v2\/product\/42447","targetHints":{"allow":["GET"]}}],"collection":[{"href":"https:\/\/melanybrown.com\/fr\/wp-json\/wp\/v2\/product"}],"about":[{"href":"https:\/\/melanybrown.com\/fr\/wp-json\/wp\/v2\/types\/product"}],"replies":[{"embeddable":true,"href":"https:\/\/melanybrown.com\/fr\/wp-json\/wp\/v2\/comments?post=42447"}],"wp:featuredmedia":[{"embeddable":true,"href":"https:\/\/melanybrown.com\/fr\/wp-json\/wp\/v2\/media\/76002"}],"wp:attachment":[{"href":"https:\/\/melanybrown.com\/fr\/wp-json\/wp\/v2\/media?parent=42447"}],"wp:term":[{"taxonomy":"product_brand","embeddable":true,"href":"https:\/\/melanybrown.com\/fr\/wp-json\/wp\/v2\/product_brand?post=42447"},{"taxonomy":"product_cat","embeddable":true,"href":"https:\/\/melanybrown.com\/fr\/wp-json\/wp\/v2\/product_cat?post=42447"},{"taxonomy":"product_tag","embeddable":true,"href":"https:\/\/melanybrown.com\/fr\/wp-json\/wp\/v2\/product_tag?post=42447"}],"curies":[{"name":"wp","href":"https:\/\/api.w.org\/{rel}","templated":true}]}}