{"id":42484,"date":"2023-02-11T16:47:12","date_gmt":"2023-02-11T16:47:12","guid":{"rendered":"https:\/\/melanybrown.com\/product\/sandales-simona-bronze\/"},"modified":"2023-02-11T16:47:14","modified_gmt":"2023-02-11T16:47:14","slug":"sandales-simona-bronze","status":"publish","type":"product","link":"https:\/\/melanybrown.com\/fr\/sandales-simona-bronze\/","title":{"rendered":"Sandales SIMONA Bronze"},"content":{"rendered":"","protected":false},"excerpt":{"rendered":"<p>On est fan de ces sandales plates habill\u00e9es de lumi\u00e8re et dot\u00e9es de larges bandes parall\u00e8les qui enveloppent le pied pour un maintien parfait. A porter de jour comme de nuit pour \u00eatre \u00e0 l&#8217;aise toute la journ\u00e9e<\/p>\n","protected":false},"featured_media":53544,"comment_status":"open","ping_status":"open","template":"","meta":[],"product_brand":[],"product_cat":[405,421],"product_tag":[],"class_list":{"0":"post-42484","1":"product","2":"type-product","3":"status-publish","4":"has-post-thumbnail","6":"product_cat-chaussures","7":"product_cat-chaussures-plates","9":"first","10":"outofstock","11":"taxable","12":"shipping-taxable","13":"product-type-variable","14":"has-default-attributes"},"_links":{"self":[{"href":"https:\/\/melanybrown.com\/fr\/wp-json\/wp\/v2\/product\/42484","targetHints":{"allow":["GET"]}}],"collection":[{"href":"https:\/\/melanybrown.com\/fr\/wp-json\/wp\/v2\/product"}],"about":[{"href":"https:\/\/melanybrown.com\/fr\/wp-json\/wp\/v2\/types\/product"}],"replies":[{"embeddable":true,"href":"https:\/\/melanybrown.com\/fr\/wp-json\/wp\/v2\/comments?post=42484"}],"wp:featuredmedia":[{"embeddable":true,"href":"https:\/\/melanybrown.com\/fr\/wp-json\/wp\/v2\/media\/53544"}],"wp:attachment":[{"href":"https:\/\/melanybrown.com\/fr\/wp-json\/wp\/v2\/media?parent=42484"}],"wp:term":[{"taxonomy":"product_brand","embeddable":true,"href":"https:\/\/melanybrown.com\/fr\/wp-json\/wp\/v2\/product_brand?post=42484"},{"taxonomy":"product_cat","embeddable":true,"href":"https:\/\/melanybrown.com\/fr\/wp-json\/wp\/v2\/product_cat?post=42484"},{"taxonomy":"product_tag","embeddable":true,"href":"https:\/\/melanybrown.com\/fr\/wp-json\/wp\/v2\/product_tag?post=42484"}],"curies":[{"name":"wp","href":"https:\/\/api.w.org\/{rel}","templated":true}]}}