{"id":43002,"date":"2022-06-20T13:01:17","date_gmt":"2022-06-20T13:01:17","guid":{"rendered":"https:\/\/melanybrown.com\/product\/sandales-reymina-gris\/"},"modified":"2022-06-20T13:01:18","modified_gmt":"2022-06-20T13:01:18","slug":"sandales-reymina-gris","status":"publish","type":"product","link":"https:\/\/melanybrown.com\/fr\/sandales-reymina-gris\/","title":{"rendered":"Sandales REYMINA Gris"},"content":{"rendered":"<p>Laissez-vous s\u00e9duire par le travail d\u00e9licat du raphia sur ces sandales. Originales et tiss\u00e9es main, elles reposent sur un talon plat des plus confortables et accompagneront de mani\u00e8re \u00e9l\u00e9gante un jean boyfriend comme une jupe pliss\u00e9e<\/p>\n","protected":false},"excerpt":{"rendered":"<p>Laissez-vous s\u00e9duire par le travail d\u00e9licat du raphia sur ces sandales. Originales et tiss\u00e9es main, elles reposent sur un talon plat des plus confortables et accompagneront de mani\u00e8re \u00e9l\u00e9gante un jean boyfriend comme une jupe pliss\u00e9e<\/p>\n","protected":false},"featured_media":43003,"comment_status":"open","ping_status":"open","template":"","meta":[],"product_brand":[],"product_cat":[405,421],"product_tag":[],"class_list":{"0":"post-43002","1":"product","2":"type-product","3":"status-publish","4":"has-post-thumbnail","6":"product_cat-chaussures","7":"product_cat-chaussures-plates","9":"first","10":"outofstock","11":"product-type-variable","12":"has-default-attributes"},"_links":{"self":[{"href":"https:\/\/melanybrown.com\/fr\/wp-json\/wp\/v2\/product\/43002","targetHints":{"allow":["GET"]}}],"collection":[{"href":"https:\/\/melanybrown.com\/fr\/wp-json\/wp\/v2\/product"}],"about":[{"href":"https:\/\/melanybrown.com\/fr\/wp-json\/wp\/v2\/types\/product"}],"replies":[{"embeddable":true,"href":"https:\/\/melanybrown.com\/fr\/wp-json\/wp\/v2\/comments?post=43002"}],"wp:featuredmedia":[{"embeddable":true,"href":"https:\/\/melanybrown.com\/fr\/wp-json\/wp\/v2\/media\/43003"}],"wp:attachment":[{"href":"https:\/\/melanybrown.com\/fr\/wp-json\/wp\/v2\/media?parent=43002"}],"wp:term":[{"taxonomy":"product_brand","embeddable":true,"href":"https:\/\/melanybrown.com\/fr\/wp-json\/wp\/v2\/product_brand?post=43002"},{"taxonomy":"product_cat","embeddable":true,"href":"https:\/\/melanybrown.com\/fr\/wp-json\/wp\/v2\/product_cat?post=43002"},{"taxonomy":"product_tag","embeddable":true,"href":"https:\/\/melanybrown.com\/fr\/wp-json\/wp\/v2\/product_tag?post=43002"}],"curies":[{"name":"wp","href":"https:\/\/api.w.org\/{rel}","templated":true}]}}