{"id":43028,"date":"2025-03-24T21:45:44","date_gmt":"2025-03-24T21:45:44","guid":{"rendered":"https:\/\/melanybrown.com\/product\/sandales-tatum-noir\/"},"modified":"2025-10-03T10:45:00","modified_gmt":"2025-10-03T10:45:00","slug":"sandales-tatum-noir","status":"publish","type":"product","link":"https:\/\/melanybrown.com\/fr\/sandales-tatum-noir\/","title":{"rendered":"Sandales TATUM Noir"},"content":{"rendered":"","protected":false},"excerpt":{"rendered":"<p>Pour celles qui cherchent un petit talon et du confort toute la journ\u00e9e, ne cherchez plus! On craque pour ces jolies mules aux semelles color\u00e9es et au talon bloc pour un total confort et une allure \u00e9lanc\u00e9e \u00e0 longueur de journ\u00e9e!<\/p>\n","protected":false},"featured_media":76346,"comment_status":"open","ping_status":"open","template":"","meta":[],"product_brand":[],"product_cat":[405,406],"product_tag":[],"class_list":{"0":"post-43028","1":"product","2":"type-product","3":"status-publish","4":"has-post-thumbnail","6":"product_cat-chaussures","7":"product_cat-chaussures-a-talons","9":"first","10":"instock","11":"sale","12":"taxable","13":"shipping-taxable","14":"purchasable","15":"product-type-variable","16":"has-default-attributes"},"_links":{"self":[{"href":"https:\/\/melanybrown.com\/fr\/wp-json\/wp\/v2\/product\/43028","targetHints":{"allow":["GET"]}}],"collection":[{"href":"https:\/\/melanybrown.com\/fr\/wp-json\/wp\/v2\/product"}],"about":[{"href":"https:\/\/melanybrown.com\/fr\/wp-json\/wp\/v2\/types\/product"}],"replies":[{"embeddable":true,"href":"https:\/\/melanybrown.com\/fr\/wp-json\/wp\/v2\/comments?post=43028"}],"wp:featuredmedia":[{"embeddable":true,"href":"https:\/\/melanybrown.com\/fr\/wp-json\/wp\/v2\/media\/76346"}],"wp:attachment":[{"href":"https:\/\/melanybrown.com\/fr\/wp-json\/wp\/v2\/media?parent=43028"}],"wp:term":[{"taxonomy":"product_brand","embeddable":true,"href":"https:\/\/melanybrown.com\/fr\/wp-json\/wp\/v2\/product_brand?post=43028"},{"taxonomy":"product_cat","embeddable":true,"href":"https:\/\/melanybrown.com\/fr\/wp-json\/wp\/v2\/product_cat?post=43028"},{"taxonomy":"product_tag","embeddable":true,"href":"https:\/\/melanybrown.com\/fr\/wp-json\/wp\/v2\/product_tag?post=43028"}],"curies":[{"name":"wp","href":"https:\/\/api.w.org\/{rel}","templated":true}]}}