{"id":43114,"date":"2023-10-28T16:55:32","date_gmt":"2023-10-28T16:55:32","guid":{"rendered":"https:\/\/melanybrown.com\/product\/sac-a-main-moody-fluo-2\/"},"modified":"2023-10-28T17:33:10","modified_gmt":"2023-10-28T17:33:10","slug":"sac-a-main-moody-fluo","status":"publish","type":"product","link":"https:\/\/melanybrown.com\/fr\/sac-a-main-moody-fluo\/","title":{"rendered":"Sac \u00e0 main MOODY Fluo"},"content":{"rendered":"","protected":false},"excerpt":{"rendered":"<p>On craque pour cet accessoire superstar qui nous fait toutes saliver d&#8217;envie avec son petit format g\u00e9om\u00e9trique et f\u00e9minin, ses coloris iris\u00e9s et son logo m\u00e9tallique incrust\u00e9. Dot\u00e9 d&#8217;un fermoir \u00e0 rabat, de poches int\u00e9rieures et fentes pour cartes et d&#8217;une anse chaine m\u00e9tallique tr\u00e8s \u00e9l\u00e9gante, ce mod\u00e8le est chic sans hic!<\/p>\n","protected":false},"featured_media":48186,"comment_status":"open","ping_status":"open","template":"","meta":[],"product_brand":[],"product_cat":[357,384],"product_tag":[],"class_list":{"0":"post-43114","1":"product","2":"type-product","3":"status-publish","4":"has-post-thumbnail","6":"product_cat-sacs","7":"product_cat-sacs-a-main","9":"first","10":"outofstock","11":"sale","12":"taxable","13":"shipping-taxable","14":"purchasable","15":"product-type-simple"},"_links":{"self":[{"href":"https:\/\/melanybrown.com\/fr\/wp-json\/wp\/v2\/product\/43114","targetHints":{"allow":["GET"]}}],"collection":[{"href":"https:\/\/melanybrown.com\/fr\/wp-json\/wp\/v2\/product"}],"about":[{"href":"https:\/\/melanybrown.com\/fr\/wp-json\/wp\/v2\/types\/product"}],"replies":[{"embeddable":true,"href":"https:\/\/melanybrown.com\/fr\/wp-json\/wp\/v2\/comments?post=43114"}],"wp:featuredmedia":[{"embeddable":true,"href":"https:\/\/melanybrown.com\/fr\/wp-json\/wp\/v2\/media\/48186"}],"wp:attachment":[{"href":"https:\/\/melanybrown.com\/fr\/wp-json\/wp\/v2\/media?parent=43114"}],"wp:term":[{"taxonomy":"product_brand","embeddable":true,"href":"https:\/\/melanybrown.com\/fr\/wp-json\/wp\/v2\/product_brand?post=43114"},{"taxonomy":"product_cat","embeddable":true,"href":"https:\/\/melanybrown.com\/fr\/wp-json\/wp\/v2\/product_cat?post=43114"},{"taxonomy":"product_tag","embeddable":true,"href":"https:\/\/melanybrown.com\/fr\/wp-json\/wp\/v2\/product_tag?post=43114"}],"curies":[{"name":"wp","href":"https:\/\/api.w.org\/{rel}","templated":true}]}}