{"id":43499,"date":"2023-10-28T16:55:57","date_gmt":"2023-10-28T16:55:57","guid":{"rendered":"https:\/\/melanybrown.com\/product\/sac-a-main-icone-blanc\/"},"modified":"2023-10-28T17:33:11","modified_gmt":"2023-10-28T17:33:11","slug":"sac-a-main-icone-blanc","status":"publish","type":"product","link":"https:\/\/melanybrown.com\/fr\/sac-a-main-icone-blanc\/","title":{"rendered":"Sac \u00e0 main ICONE Blanc"},"content":{"rendered":"","protected":false},"excerpt":{"rendered":"<p>On craque pour ce petit sac \u00e0 rabat aux lignes g\u00e9om\u00e9triques ultra-d\u00e9sirables en ce moment, et au look \u00e9pur\u00e9 tr\u00e8s chic. Fabriqu\u00e9 dans un cuir de veau lisse, il est dot\u00e9 d&#8217;une bandouli\u00e8re courte pour un port\u00e9 \u00e9paule et d&#8217;une longue pour un port\u00e9 en bandouli\u00e8re et compl\u00e8tera votre tenue de jour comme de nuit!<\/p>\n","protected":false},"featured_media":43500,"comment_status":"open","ping_status":"open","template":"","meta":[],"product_brand":[],"product_cat":[357,384],"product_tag":[],"class_list":{"0":"post-43499","1":"product","2":"type-product","3":"status-publish","4":"has-post-thumbnail","6":"product_cat-sacs","7":"product_cat-sacs-a-main","9":"first","10":"outofstock","11":"sale","12":"taxable","13":"shipping-taxable","14":"purchasable","15":"product-type-simple"},"_links":{"self":[{"href":"https:\/\/melanybrown.com\/fr\/wp-json\/wp\/v2\/product\/43499","targetHints":{"allow":["GET"]}}],"collection":[{"href":"https:\/\/melanybrown.com\/fr\/wp-json\/wp\/v2\/product"}],"about":[{"href":"https:\/\/melanybrown.com\/fr\/wp-json\/wp\/v2\/types\/product"}],"replies":[{"embeddable":true,"href":"https:\/\/melanybrown.com\/fr\/wp-json\/wp\/v2\/comments?post=43499"}],"wp:featuredmedia":[{"embeddable":true,"href":"https:\/\/melanybrown.com\/fr\/wp-json\/wp\/v2\/media\/43500"}],"wp:attachment":[{"href":"https:\/\/melanybrown.com\/fr\/wp-json\/wp\/v2\/media?parent=43499"}],"wp:term":[{"taxonomy":"product_brand","embeddable":true,"href":"https:\/\/melanybrown.com\/fr\/wp-json\/wp\/v2\/product_brand?post=43499"},{"taxonomy":"product_cat","embeddable":true,"href":"https:\/\/melanybrown.com\/fr\/wp-json\/wp\/v2\/product_cat?post=43499"},{"taxonomy":"product_tag","embeddable":true,"href":"https:\/\/melanybrown.com\/fr\/wp-json\/wp\/v2\/product_tag?post=43499"}],"curies":[{"name":"wp","href":"https:\/\/api.w.org\/{rel}","templated":true}]}}