{"id":43542,"date":"2025-03-24T22:07:55","date_gmt":"2025-03-24T22:07:55","guid":{"rendered":"https:\/\/melanybrown.com\/product\/sandales-audrey-marron\/"},"modified":"2025-06-26T22:11:12","modified_gmt":"2025-06-26T22:11:12","slug":"sandales-audrey-marron","status":"publish","type":"product","link":"https:\/\/melanybrown.com\/fr\/sandales-audrey-marron\/","title":{"rendered":"Sandales AUDREY Marron"},"content":{"rendered":"","protected":false},"excerpt":{"rendered":"<p>On adore ces sandales plates ultra-confortables et agr\u00e9ment\u00e9es de larges bandes crois\u00e9es sur le devant qui sauront habiller vos tenues et attirer tous les regards!<\/p>\n","protected":false},"featured_media":44634,"comment_status":"open","ping_status":"open","template":"","meta":[],"product_brand":[],"product_cat":[405,421],"product_tag":[],"class_list":{"0":"post-43542","1":"product","2":"type-product","3":"status-publish","4":"has-post-thumbnail","6":"product_cat-chaussures","7":"product_cat-chaussures-plates","9":"first","10":"outofstock","11":"taxable","12":"shipping-taxable","13":"product-type-variable","14":"has-default-attributes"},"_links":{"self":[{"href":"https:\/\/melanybrown.com\/fr\/wp-json\/wp\/v2\/product\/43542","targetHints":{"allow":["GET"]}}],"collection":[{"href":"https:\/\/melanybrown.com\/fr\/wp-json\/wp\/v2\/product"}],"about":[{"href":"https:\/\/melanybrown.com\/fr\/wp-json\/wp\/v2\/types\/product"}],"replies":[{"embeddable":true,"href":"https:\/\/melanybrown.com\/fr\/wp-json\/wp\/v2\/comments?post=43542"}],"wp:featuredmedia":[{"embeddable":true,"href":"https:\/\/melanybrown.com\/fr\/wp-json\/wp\/v2\/media\/44634"}],"wp:attachment":[{"href":"https:\/\/melanybrown.com\/fr\/wp-json\/wp\/v2\/media?parent=43542"}],"wp:term":[{"taxonomy":"product_brand","embeddable":true,"href":"https:\/\/melanybrown.com\/fr\/wp-json\/wp\/v2\/product_brand?post=43542"},{"taxonomy":"product_cat","embeddable":true,"href":"https:\/\/melanybrown.com\/fr\/wp-json\/wp\/v2\/product_cat?post=43542"},{"taxonomy":"product_tag","embeddable":true,"href":"https:\/\/melanybrown.com\/fr\/wp-json\/wp\/v2\/product_tag?post=43542"}],"curies":[{"name":"wp","href":"https:\/\/api.w.org\/{rel}","templated":true}]}}