{"id":43677,"date":"2025-03-24T21:44:44","date_gmt":"2025-03-24T21:44:44","guid":{"rendered":"https:\/\/melanybrown.com\/product\/sandales-odelia-noir\/"},"modified":"2026-04-03T11:44:04","modified_gmt":"2026-04-03T11:44:04","slug":"sandales-odelia-noir","status":"publish","type":"product","link":"https:\/\/melanybrown.com\/fr\/sandales-odelia-noir\/","title":{"rendered":"Sandales ODELIA Noir"},"content":{"rendered":"","protected":false},"excerpt":{"rendered":"<p>On est fan de ce mod\u00e8le de sandales de f\u00eate \u00e0 bout ferm\u00e9, habill\u00e9 de lumi\u00e8res. Mont\u00e9es sur des talons aiguilles, ces sandales restent confortables car le pied est maintenu par des lani\u00e8res qui enveloppent le pied et assurent un bon maintien<\/p>\n","protected":false},"featured_media":76332,"comment_status":"open","ping_status":"closed","template":"","meta":[],"product_brand":[],"product_cat":[405,406],"product_tag":[],"class_list":{"0":"post-43677","1":"product","2":"type-product","3":"status-publish","4":"has-post-thumbnail","6":"product_cat-chaussures","7":"product_cat-chaussures-a-talons","9":"first","10":"instock","11":"sale","12":"taxable","13":"shipping-taxable","14":"purchasable","15":"product-type-variable","16":"has-default-attributes"},"_links":{"self":[{"href":"https:\/\/melanybrown.com\/fr\/wp-json\/wp\/v2\/product\/43677","targetHints":{"allow":["GET"]}}],"collection":[{"href":"https:\/\/melanybrown.com\/fr\/wp-json\/wp\/v2\/product"}],"about":[{"href":"https:\/\/melanybrown.com\/fr\/wp-json\/wp\/v2\/types\/product"}],"replies":[{"embeddable":true,"href":"https:\/\/melanybrown.com\/fr\/wp-json\/wp\/v2\/comments?post=43677"}],"wp:featuredmedia":[{"embeddable":true,"href":"https:\/\/melanybrown.com\/fr\/wp-json\/wp\/v2\/media\/76332"}],"wp:attachment":[{"href":"https:\/\/melanybrown.com\/fr\/wp-json\/wp\/v2\/media?parent=43677"}],"wp:term":[{"taxonomy":"product_brand","embeddable":true,"href":"https:\/\/melanybrown.com\/fr\/wp-json\/wp\/v2\/product_brand?post=43677"},{"taxonomy":"product_cat","embeddable":true,"href":"https:\/\/melanybrown.com\/fr\/wp-json\/wp\/v2\/product_cat?post=43677"},{"taxonomy":"product_tag","embeddable":true,"href":"https:\/\/melanybrown.com\/fr\/wp-json\/wp\/v2\/product_tag?post=43677"}],"curies":[{"name":"wp","href":"https:\/\/api.w.org\/{rel}","templated":true}]}}