{"id":43983,"date":"2025-03-24T22:07:59","date_gmt":"2025-03-24T22:07:59","guid":{"rendered":"https:\/\/melanybrown.com\/product\/sandales-maria-noir\/"},"modified":"2025-12-01T11:45:22","modified_gmt":"2025-12-01T11:45:22","slug":"sandales-maria-noir","status":"publish","type":"product","link":"https:\/\/melanybrown.com\/fr\/sandales-maria-noir\/","title":{"rendered":"Sandales MARIA Noir"},"content":{"rendered":"","protected":false},"excerpt":{"rendered":"<p>On craque pour ces sandales plates clout\u00e9es en simili-cuir qui seront la star de l&#8217;\u00e9t\u00e9 et sauront embellir vos petits pieds et attirer tous les regards!<\/p>\n","protected":false},"featured_media":76408,"comment_status":"open","ping_status":"open","template":"","meta":[],"product_brand":[],"product_cat":[405,421],"product_tag":[],"class_list":{"0":"post-43983","1":"product","2":"type-product","3":"status-publish","4":"has-post-thumbnail","6":"product_cat-chaussures","7":"product_cat-chaussures-plates","9":"first","10":"instock","11":"sale","12":"taxable","13":"shipping-taxable","14":"purchasable","15":"product-type-variable","16":"has-default-attributes"},"_links":{"self":[{"href":"https:\/\/melanybrown.com\/fr\/wp-json\/wp\/v2\/product\/43983","targetHints":{"allow":["GET"]}}],"collection":[{"href":"https:\/\/melanybrown.com\/fr\/wp-json\/wp\/v2\/product"}],"about":[{"href":"https:\/\/melanybrown.com\/fr\/wp-json\/wp\/v2\/types\/product"}],"replies":[{"embeddable":true,"href":"https:\/\/melanybrown.com\/fr\/wp-json\/wp\/v2\/comments?post=43983"}],"wp:featuredmedia":[{"embeddable":true,"href":"https:\/\/melanybrown.com\/fr\/wp-json\/wp\/v2\/media\/76408"}],"wp:attachment":[{"href":"https:\/\/melanybrown.com\/fr\/wp-json\/wp\/v2\/media?parent=43983"}],"wp:term":[{"taxonomy":"product_brand","embeddable":true,"href":"https:\/\/melanybrown.com\/fr\/wp-json\/wp\/v2\/product_brand?post=43983"},{"taxonomy":"product_cat","embeddable":true,"href":"https:\/\/melanybrown.com\/fr\/wp-json\/wp\/v2\/product_cat?post=43983"},{"taxonomy":"product_tag","embeddable":true,"href":"https:\/\/melanybrown.com\/fr\/wp-json\/wp\/v2\/product_tag?post=43983"}],"curies":[{"name":"wp","href":"https:\/\/api.w.org\/{rel}","templated":true}]}}