{"id":44208,"date":"2025-03-24T21:47:27","date_gmt":"2025-03-24T21:47:27","guid":{"rendered":"https:\/\/melanybrown.com\/product\/sandales-onyx-noir\/"},"modified":"2025-06-26T22:06:28","modified_gmt":"2025-06-26T22:06:28","slug":"sandales-onyx-noir","status":"publish","type":"product","link":"https:\/\/melanybrown.com\/fr\/sandales-onyx-noir\/","title":{"rendered":"Sandales ONYX Noir"},"content":{"rendered":"","protected":false},"excerpt":{"rendered":"<p>On craque pour cette paire de mules aux larges brides agr\u00e9ment\u00e9es de pi\u00e8ces m\u00e9talliques dor\u00e9es qui donnent un look tr\u00e8s luxe et sophistiqu\u00e9 \u00e0 vos tenues. Elles sont mont\u00e9es sur des talons de 8cm tr\u00e8s confortables, elles rehausseront vos looks et seront vos pr\u00e9f\u00e9r\u00e9es cette saison!<\/p>\n","protected":false},"featured_media":45366,"comment_status":"open","ping_status":"open","template":"","meta":[],"product_brand":[],"product_cat":[405,406],"product_tag":[],"class_list":{"0":"post-44208","1":"product","2":"type-product","3":"status-publish","4":"has-post-thumbnail","6":"product_cat-chaussures","7":"product_cat-chaussures-a-talons","9":"first","10":"outofstock","11":"taxable","12":"shipping-taxable","13":"product-type-variable","14":"has-default-attributes"},"_links":{"self":[{"href":"https:\/\/melanybrown.com\/fr\/wp-json\/wp\/v2\/product\/44208","targetHints":{"allow":["GET"]}}],"collection":[{"href":"https:\/\/melanybrown.com\/fr\/wp-json\/wp\/v2\/product"}],"about":[{"href":"https:\/\/melanybrown.com\/fr\/wp-json\/wp\/v2\/types\/product"}],"replies":[{"embeddable":true,"href":"https:\/\/melanybrown.com\/fr\/wp-json\/wp\/v2\/comments?post=44208"}],"wp:featuredmedia":[{"embeddable":true,"href":"https:\/\/melanybrown.com\/fr\/wp-json\/wp\/v2\/media\/45366"}],"wp:attachment":[{"href":"https:\/\/melanybrown.com\/fr\/wp-json\/wp\/v2\/media?parent=44208"}],"wp:term":[{"taxonomy":"product_brand","embeddable":true,"href":"https:\/\/melanybrown.com\/fr\/wp-json\/wp\/v2\/product_brand?post=44208"},{"taxonomy":"product_cat","embeddable":true,"href":"https:\/\/melanybrown.com\/fr\/wp-json\/wp\/v2\/product_cat?post=44208"},{"taxonomy":"product_tag","embeddable":true,"href":"https:\/\/melanybrown.com\/fr\/wp-json\/wp\/v2\/product_tag?post=44208"}],"curies":[{"name":"wp","href":"https:\/\/api.w.org\/{rel}","templated":true}]}}