{"id":44285,"date":"2022-06-08T22:23:21","date_gmt":"2022-06-08T22:23:21","guid":{"rendered":"https:\/\/melanybrown.com\/product\/sandales-orchid-bronze\/"},"modified":"2022-06-08T22:23:22","modified_gmt":"2022-06-08T22:23:22","slug":"sandales-orchid-bronze","status":"publish","type":"product","link":"https:\/\/melanybrown.com\/fr\/sandales-orchid-bronze\/","title":{"rendered":"Sandales ORCHID Bronze"},"content":{"rendered":"<p>Dot\u00e9es de bouts carr\u00e9s et de deux brides rembourr\u00e9es et torsad\u00e9es, elles sont juch\u00e9es sur des talons aiguilles de 8cm tr\u00e8s confortables et apporteront une touche sculpturale \u00e0 vos looks. Un vrai coup de coeur!<\/p>\n","protected":false},"excerpt":{"rendered":"<p>Dot\u00e9es de bouts carr\u00e9s et de deux brides rembourr\u00e9es et torsad\u00e9es, elles sont juch\u00e9es sur des talons aiguilles de 8cm tr\u00e8s confortables et apporteront une touche sculpturale \u00e0 vos looks. Un vrai coup de coeur!<\/p>\n","protected":false},"featured_media":0,"comment_status":"open","ping_status":"open","template":"","meta":[],"product_brand":[],"product_cat":[405,406],"product_tag":[],"class_list":{"0":"post-44285","1":"product","2":"type-product","3":"status-publish","5":"product_cat-chaussures","6":"product_cat-chaussures-a-talons","8":"first","9":"outofstock","10":"product-type-variable","11":"has-default-attributes"},"_links":{"self":[{"href":"https:\/\/melanybrown.com\/fr\/wp-json\/wp\/v2\/product\/44285","targetHints":{"allow":["GET"]}}],"collection":[{"href":"https:\/\/melanybrown.com\/fr\/wp-json\/wp\/v2\/product"}],"about":[{"href":"https:\/\/melanybrown.com\/fr\/wp-json\/wp\/v2\/types\/product"}],"replies":[{"embeddable":true,"href":"https:\/\/melanybrown.com\/fr\/wp-json\/wp\/v2\/comments?post=44285"}],"wp:attachment":[{"href":"https:\/\/melanybrown.com\/fr\/wp-json\/wp\/v2\/media?parent=44285"}],"wp:term":[{"taxonomy":"product_brand","embeddable":true,"href":"https:\/\/melanybrown.com\/fr\/wp-json\/wp\/v2\/product_brand?post=44285"},{"taxonomy":"product_cat","embeddable":true,"href":"https:\/\/melanybrown.com\/fr\/wp-json\/wp\/v2\/product_cat?post=44285"},{"taxonomy":"product_tag","embeddable":true,"href":"https:\/\/melanybrown.com\/fr\/wp-json\/wp\/v2\/product_tag?post=44285"}],"curies":[{"name":"wp","href":"https:\/\/api.w.org\/{rel}","templated":true}]}}