{"id":44590,"date":"2025-03-24T21:37:37","date_gmt":"2025-03-24T21:37:37","guid":{"rendered":"https:\/\/melanybrown.com\/product\/sac-a-main-envy-noir\/"},"modified":"2026-01-08T09:49:36","modified_gmt":"2026-01-08T09:49:36","slug":"sac-a-main-envy-noir","status":"publish","type":"product","link":"https:\/\/melanybrown.com\/fr\/sac-a-main-envy-noir\/","title":{"rendered":"Sac \u00e0 main ENVY Noir"},"content":{"rendered":"","protected":false},"excerpt":{"rendered":"<p>On aime la forme g\u00e9om\u00e9trique de ce sac baguette dot\u00e9 d&#8217;un fermoir m\u00e9tallique \u00e0 aimant sur le devant et d&#8217;une longue anse en chaine \u00e0 maillons pouvant \u00eatre port\u00e9e en bandouli\u00e8re ou \u00e0 l&#8217;\u00e9paule pour un style tr\u00e8s f\u00e9minin et chic! Dimensions: xxxxx CM<\/p>\n","protected":false},"featured_media":76483,"comment_status":"open","ping_status":"open","template":"","meta":[],"product_brand":[],"product_cat":[357,384],"product_tag":[],"class_list":{"0":"post-44590","1":"product","2":"type-product","3":"status-publish","4":"has-post-thumbnail","6":"product_cat-sacs","7":"product_cat-sacs-a-main","9":"first","10":"instock","11":"sale","12":"taxable","13":"shipping-taxable","14":"purchasable","15":"product-type-simple"},"_links":{"self":[{"href":"https:\/\/melanybrown.com\/fr\/wp-json\/wp\/v2\/product\/44590","targetHints":{"allow":["GET"]}}],"collection":[{"href":"https:\/\/melanybrown.com\/fr\/wp-json\/wp\/v2\/product"}],"about":[{"href":"https:\/\/melanybrown.com\/fr\/wp-json\/wp\/v2\/types\/product"}],"replies":[{"embeddable":true,"href":"https:\/\/melanybrown.com\/fr\/wp-json\/wp\/v2\/comments?post=44590"}],"wp:featuredmedia":[{"embeddable":true,"href":"https:\/\/melanybrown.com\/fr\/wp-json\/wp\/v2\/media\/76483"}],"wp:attachment":[{"href":"https:\/\/melanybrown.com\/fr\/wp-json\/wp\/v2\/media?parent=44590"}],"wp:term":[{"taxonomy":"product_brand","embeddable":true,"href":"https:\/\/melanybrown.com\/fr\/wp-json\/wp\/v2\/product_brand?post=44590"},{"taxonomy":"product_cat","embeddable":true,"href":"https:\/\/melanybrown.com\/fr\/wp-json\/wp\/v2\/product_cat?post=44590"},{"taxonomy":"product_tag","embeddable":true,"href":"https:\/\/melanybrown.com\/fr\/wp-json\/wp\/v2\/product_tag?post=44590"}],"curies":[{"name":"wp","href":"https:\/\/api.w.org\/{rel}","templated":true}]}}