{"id":45945,"date":"2023-10-28T17:00:50","date_gmt":"2023-10-28T17:00:50","guid":{"rendered":"https:\/\/melanybrown.com\/product\/sandales-matilda-argente-2\/"},"modified":"2023-12-28T21:36:24","modified_gmt":"2023-12-28T21:36:24","slug":"sandales-matilda-argente-2","status":"publish","type":"product","link":"https:\/\/melanybrown.com\/fr\/sandales-matilda-argente-2\/","title":{"rendered":"Sandales MATILDA Argente"},"content":{"rendered":"","protected":false},"excerpt":{"rendered":"<p>Une allure tr\u00e8s luxe se d\u00e9gage de ces mules \u00e0 deux brides compos\u00e9es de chaines m\u00e9talliques dor\u00e9es entrelac\u00e9es avec du cuir. Un mod\u00e8le juch\u00e9 sur des talons aiguilles de 8cm tr\u00e8s confortables qui sera la pi\u00e8ce maitresse de votre look!<\/p>\n","protected":false},"featured_media":0,"comment_status":"open","ping_status":"open","template":"","meta":[],"product_brand":[],"product_cat":[405,406],"product_tag":[],"class_list":{"0":"post-45945","1":"product","2":"type-product","3":"status-publish","5":"product_cat-chaussures","6":"product_cat-chaussures-a-talons","8":"first","9":"outofstock","10":"sale","11":"taxable","12":"shipping-taxable","13":"purchasable","14":"product-type-simple"},"_links":{"self":[{"href":"https:\/\/melanybrown.com\/fr\/wp-json\/wp\/v2\/product\/45945","targetHints":{"allow":["GET"]}}],"collection":[{"href":"https:\/\/melanybrown.com\/fr\/wp-json\/wp\/v2\/product"}],"about":[{"href":"https:\/\/melanybrown.com\/fr\/wp-json\/wp\/v2\/types\/product"}],"replies":[{"embeddable":true,"href":"https:\/\/melanybrown.com\/fr\/wp-json\/wp\/v2\/comments?post=45945"}],"wp:attachment":[{"href":"https:\/\/melanybrown.com\/fr\/wp-json\/wp\/v2\/media?parent=45945"}],"wp:term":[{"taxonomy":"product_brand","embeddable":true,"href":"https:\/\/melanybrown.com\/fr\/wp-json\/wp\/v2\/product_brand?post=45945"},{"taxonomy":"product_cat","embeddable":true,"href":"https:\/\/melanybrown.com\/fr\/wp-json\/wp\/v2\/product_cat?post=45945"},{"taxonomy":"product_tag","embeddable":true,"href":"https:\/\/melanybrown.com\/fr\/wp-json\/wp\/v2\/product_tag?post=45945"}],"curies":[{"name":"wp","href":"https:\/\/api.w.org\/{rel}","templated":true}]}}