{"id":45997,"date":"2023-10-28T17:07:01","date_gmt":"2023-10-28T17:07:01","guid":{"rendered":"https:\/\/melanybrown.com\/product\/sandales-anisa-blanc\/"},"modified":"2023-12-28T21:40:00","modified_gmt":"2023-12-28T21:40:00","slug":"sandales-anisa-blanc","status":"publish","type":"product","link":"https:\/\/melanybrown.com\/fr\/sandales-anisa-blanc\/","title":{"rendered":"Sandales ANISA Blanc"},"content":{"rendered":"","protected":false},"excerpt":{"rendered":"<p>Reposant sur une confortable semelle plate et d\u00e9clin\u00e9es dans des coloris flashy, ces mules en satin sont orn\u00e9es de cristaux scintillants, qui conf\u00e8rent \u00e0 cette paire estivale et raffin\u00e9e, toute son originalit\u00e9<\/p>\n","protected":false},"featured_media":0,"comment_status":"open","ping_status":"open","template":"","meta":[],"product_brand":[],"product_cat":[405,421],"product_tag":[],"class_list":{"0":"post-45997","1":"product","2":"type-product","3":"status-publish","5":"product_cat-chaussures","6":"product_cat-chaussures-plates","8":"first","9":"outofstock","10":"sale","11":"taxable","12":"shipping-taxable","13":"purchasable","14":"product-type-simple"},"_links":{"self":[{"href":"https:\/\/melanybrown.com\/fr\/wp-json\/wp\/v2\/product\/45997","targetHints":{"allow":["GET"]}}],"collection":[{"href":"https:\/\/melanybrown.com\/fr\/wp-json\/wp\/v2\/product"}],"about":[{"href":"https:\/\/melanybrown.com\/fr\/wp-json\/wp\/v2\/types\/product"}],"replies":[{"embeddable":true,"href":"https:\/\/melanybrown.com\/fr\/wp-json\/wp\/v2\/comments?post=45997"}],"wp:attachment":[{"href":"https:\/\/melanybrown.com\/fr\/wp-json\/wp\/v2\/media?parent=45997"}],"wp:term":[{"taxonomy":"product_brand","embeddable":true,"href":"https:\/\/melanybrown.com\/fr\/wp-json\/wp\/v2\/product_brand?post=45997"},{"taxonomy":"product_cat","embeddable":true,"href":"https:\/\/melanybrown.com\/fr\/wp-json\/wp\/v2\/product_cat?post=45997"},{"taxonomy":"product_tag","embeddable":true,"href":"https:\/\/melanybrown.com\/fr\/wp-json\/wp\/v2\/product_tag?post=45997"}],"curies":[{"name":"wp","href":"https:\/\/api.w.org\/{rel}","templated":true}]}}