{"id":47944,"date":"2025-03-24T21:38:39","date_gmt":"2025-03-24T21:38:39","guid":{"rendered":"https:\/\/melanybrown.com\/product\/ceinture-020-or\/"},"modified":"2025-06-26T22:04:42","modified_gmt":"2025-06-26T22:04:42","slug":"ceinture-020-or","status":"publish","type":"product","link":"https:\/\/melanybrown.com\/fr\/ceinture-020-or\/","title":{"rendered":"Ceinture 020 Or"},"content":{"rendered":"","protected":false},"excerpt":{"rendered":"<p>Tr\u00e8s jolie ceinture m\u00e9tallique orn\u00e9e de motifs sur le devant refermable \u00e0 l&#8217;aide d&#8217;un fermoir m\u00e9tallique dor\u00e9<\/p>\n","protected":false},"featured_media":48372,"comment_status":"open","ping_status":"open","template":"","meta":[],"product_brand":[],"product_cat":[242,443],"product_tag":[],"class_list":{"0":"post-47944","1":"product","2":"type-product","3":"status-publish","4":"has-post-thumbnail","6":"product_cat-accessoires","7":"product_cat-ceintures","9":"first","10":"instock","11":"taxable","12":"shipping-taxable","13":"purchasable","14":"product-type-simple"},"_links":{"self":[{"href":"https:\/\/melanybrown.com\/fr\/wp-json\/wp\/v2\/product\/47944","targetHints":{"allow":["GET"]}}],"collection":[{"href":"https:\/\/melanybrown.com\/fr\/wp-json\/wp\/v2\/product"}],"about":[{"href":"https:\/\/melanybrown.com\/fr\/wp-json\/wp\/v2\/types\/product"}],"replies":[{"embeddable":true,"href":"https:\/\/melanybrown.com\/fr\/wp-json\/wp\/v2\/comments?post=47944"}],"wp:featuredmedia":[{"embeddable":true,"href":"https:\/\/melanybrown.com\/fr\/wp-json\/wp\/v2\/media\/48372"}],"wp:attachment":[{"href":"https:\/\/melanybrown.com\/fr\/wp-json\/wp\/v2\/media?parent=47944"}],"wp:term":[{"taxonomy":"product_brand","embeddable":true,"href":"https:\/\/melanybrown.com\/fr\/wp-json\/wp\/v2\/product_brand?post=47944"},{"taxonomy":"product_cat","embeddable":true,"href":"https:\/\/melanybrown.com\/fr\/wp-json\/wp\/v2\/product_cat?post=47944"},{"taxonomy":"product_tag","embeddable":true,"href":"https:\/\/melanybrown.com\/fr\/wp-json\/wp\/v2\/product_tag?post=47944"}],"curies":[{"name":"wp","href":"https:\/\/api.w.org\/{rel}","templated":true}]}}