{"id":48135,"date":"2025-03-24T22:21:17","date_gmt":"2025-03-24T22:21:17","guid":{"rendered":"https:\/\/melanybrown.com\/product\/bottes-alix-noir\/"},"modified":"2026-01-13T10:51:25","modified_gmt":"2026-01-13T10:51:25","slug":"bottes-alix-noir","status":"publish","type":"product","link":"https:\/\/melanybrown.com\/fr\/bottes-alix-noir\/","title":{"rendered":"Bottes ALIX Noir"},"content":{"rendered":"","protected":false},"excerpt":{"rendered":"<p>Dot\u00e9es de deux brides ponctu\u00e9es de clous et de chaine m\u00e9talliques, ces luxueuses bottines lac\u00e9es au style militaire sont mont\u00e9es sur une confortable semelle crant\u00e9e et se referment sur le cot\u00e9 gr\u00e2ce \u00e0 une fermeture \u00e9clair.<\/p>\n","protected":false},"featured_media":48136,"comment_status":"open","ping_status":"open","template":"","meta":[],"product_brand":[],"product_cat":[429,405],"product_tag":[],"class_list":{"0":"post-48135","1":"product","2":"type-product","3":"status-publish","4":"has-post-thumbnail","6":"product_cat-bottes","7":"product_cat-chaussures","9":"first","10":"outofstock","11":"sale","12":"taxable","13":"shipping-taxable","14":"purchasable","15":"product-type-variable","16":"has-default-attributes"},"_links":{"self":[{"href":"https:\/\/melanybrown.com\/fr\/wp-json\/wp\/v2\/product\/48135","targetHints":{"allow":["GET"]}}],"collection":[{"href":"https:\/\/melanybrown.com\/fr\/wp-json\/wp\/v2\/product"}],"about":[{"href":"https:\/\/melanybrown.com\/fr\/wp-json\/wp\/v2\/types\/product"}],"replies":[{"embeddable":true,"href":"https:\/\/melanybrown.com\/fr\/wp-json\/wp\/v2\/comments?post=48135"}],"wp:featuredmedia":[{"embeddable":true,"href":"https:\/\/melanybrown.com\/fr\/wp-json\/wp\/v2\/media\/48136"}],"wp:attachment":[{"href":"https:\/\/melanybrown.com\/fr\/wp-json\/wp\/v2\/media?parent=48135"}],"wp:term":[{"taxonomy":"product_brand","embeddable":true,"href":"https:\/\/melanybrown.com\/fr\/wp-json\/wp\/v2\/product_brand?post=48135"},{"taxonomy":"product_cat","embeddable":true,"href":"https:\/\/melanybrown.com\/fr\/wp-json\/wp\/v2\/product_cat?post=48135"},{"taxonomy":"product_tag","embeddable":true,"href":"https:\/\/melanybrown.com\/fr\/wp-json\/wp\/v2\/product_tag?post=48135"}],"curies":[{"name":"wp","href":"https:\/\/api.w.org\/{rel}","templated":true}]}}