{"id":64118,"date":"2025-03-24T21:37:55","date_gmt":"2025-03-24T21:37:55","guid":{"rendered":"https:\/\/melanybrown.com\/sac-a-main-gothic-gris\/"},"modified":"2025-12-25T16:21:57","modified_gmt":"2025-12-25T16:21:57","slug":"sac-a-main-gothic-gris","status":"publish","type":"product","link":"https:\/\/melanybrown.com\/fr\/sac-a-main-gothic-gris\/","title":{"rendered":"Sac \u00e0 main GOTHIC Gris"},"content":{"rendered":"","protected":false},"excerpt":{"rendered":"<p>Coup de coeur pour ce sac au format rectangulaire et au design simple et matelass\u00e9. Il est dot\u00e9 d&#8217;un fermoir m\u00e9tallique dor\u00e9 \u00e0 poussoir et d&#8217;un compartiment int\u00e9rieur \u00e0 zip, il peut \u00eatre port\u00e9 en bandouli\u00e8re \u00e0 l&#8217;\u00e9paule et sera parfait cette saison car d\u00e9clin\u00e9 dans des coloris tr\u00e8s printaniers<\/p>\n","protected":false},"featured_media":76257,"comment_status":"open","ping_status":"open","template":"","meta":[],"product_brand":[],"product_cat":[357,384],"product_tag":[],"class_list":{"0":"post-64118","1":"product","2":"type-product","3":"status-publish","4":"has-post-thumbnail","6":"product_cat-sacs","7":"product_cat-sacs-a-main","9":"first","10":"instock","11":"sale","12":"taxable","13":"shipping-taxable","14":"purchasable","15":"product-type-simple"},"_links":{"self":[{"href":"https:\/\/melanybrown.com\/fr\/wp-json\/wp\/v2\/product\/64118","targetHints":{"allow":["GET"]}}],"collection":[{"href":"https:\/\/melanybrown.com\/fr\/wp-json\/wp\/v2\/product"}],"about":[{"href":"https:\/\/melanybrown.com\/fr\/wp-json\/wp\/v2\/types\/product"}],"replies":[{"embeddable":true,"href":"https:\/\/melanybrown.com\/fr\/wp-json\/wp\/v2\/comments?post=64118"}],"wp:featuredmedia":[{"embeddable":true,"href":"https:\/\/melanybrown.com\/fr\/wp-json\/wp\/v2\/media\/76257"}],"wp:attachment":[{"href":"https:\/\/melanybrown.com\/fr\/wp-json\/wp\/v2\/media?parent=64118"}],"wp:term":[{"taxonomy":"product_brand","embeddable":true,"href":"https:\/\/melanybrown.com\/fr\/wp-json\/wp\/v2\/product_brand?post=64118"},{"taxonomy":"product_cat","embeddable":true,"href":"https:\/\/melanybrown.com\/fr\/wp-json\/wp\/v2\/product_cat?post=64118"},{"taxonomy":"product_tag","embeddable":true,"href":"https:\/\/melanybrown.com\/fr\/wp-json\/wp\/v2\/product_tag?post=64118"}],"curies":[{"name":"wp","href":"https:\/\/api.w.org\/{rel}","templated":true}]}}