{"id":64198,"date":"2025-03-24T21:39:17","date_gmt":"2025-03-24T21:39:17","guid":{"rendered":"https:\/\/melanybrown.com\/sandales-tanika-gris\/"},"modified":"2026-01-11T19:01:53","modified_gmt":"2026-01-11T19:01:53","slug":"sandales-tanika-gris","status":"publish","type":"product","link":"https:\/\/melanybrown.com\/fr\/sandales-tanika-gris\/","title":{"rendered":"Sandales TANIKA Gris"},"content":{"rendered":"","protected":false},"excerpt":{"rendered":"<p>Gros coup de coeur pour ces mules en cuir orn\u00e9es de strass pour infuser une note glamour \u00e0 votre tenue. Dot\u00e9es de larges bandes illumin\u00e9es de pierres, et de semelles rembour\u00e9es elles suivront chacun de vos pas tout en vous procurant un confort absolu.<\/p>\n","protected":false},"featured_media":64199,"comment_status":"open","ping_status":"open","template":"","meta":[],"product_brand":[],"product_cat":[405,421],"product_tag":[],"class_list":{"0":"post-64198","1":"product","2":"type-product","3":"status-publish","4":"has-post-thumbnail","6":"product_cat-chaussures","7":"product_cat-chaussures-plates","9":"first","10":"instock","11":"sale","12":"taxable","13":"shipping-taxable","14":"purchasable","15":"product-type-variable","16":"has-default-attributes"},"_links":{"self":[{"href":"https:\/\/melanybrown.com\/fr\/wp-json\/wp\/v2\/product\/64198","targetHints":{"allow":["GET"]}}],"collection":[{"href":"https:\/\/melanybrown.com\/fr\/wp-json\/wp\/v2\/product"}],"about":[{"href":"https:\/\/melanybrown.com\/fr\/wp-json\/wp\/v2\/types\/product"}],"replies":[{"embeddable":true,"href":"https:\/\/melanybrown.com\/fr\/wp-json\/wp\/v2\/comments?post=64198"}],"wp:featuredmedia":[{"embeddable":true,"href":"https:\/\/melanybrown.com\/fr\/wp-json\/wp\/v2\/media\/64199"}],"wp:attachment":[{"href":"https:\/\/melanybrown.com\/fr\/wp-json\/wp\/v2\/media?parent=64198"}],"wp:term":[{"taxonomy":"product_brand","embeddable":true,"href":"https:\/\/melanybrown.com\/fr\/wp-json\/wp\/v2\/product_brand?post=64198"},{"taxonomy":"product_cat","embeddable":true,"href":"https:\/\/melanybrown.com\/fr\/wp-json\/wp\/v2\/product_cat?post=64198"},{"taxonomy":"product_tag","embeddable":true,"href":"https:\/\/melanybrown.com\/fr\/wp-json\/wp\/v2\/product_tag?post=64198"}],"curies":[{"name":"wp","href":"https:\/\/api.w.org\/{rel}","templated":true}]}}