{"id":64241,"date":"2025-03-24T21:43:15","date_gmt":"2025-03-24T21:43:15","guid":{"rendered":"https:\/\/melanybrown.com\/sandales-corry-bleu\/"},"modified":"2026-04-03T11:49:06","modified_gmt":"2026-04-03T11:49:06","slug":"sandales-corry-bleu","status":"publish","type":"product","link":"https:\/\/melanybrown.com\/fr\/sandales-corry-bleu\/","title":{"rendered":"Sandales CORRY Bleu"},"content":{"rendered":"","protected":false},"excerpt":{"rendered":"<p>Beaucoup d\u2019\u00e9l\u00e9gance et de glamour pour ces jolies sandales plates tr\u00e8s chics en velours. Elles sont dot\u00e9es de boucles incrust\u00e9es de pierres et sont parfaites pour la journ\u00e9e comme pour le soir si vous \u00eates de sortie. Elles sont confortables gr\u00e2ce \u00e0 leur semelle rembourr\u00e9e. Un must-have!<\/p>\n","protected":false},"featured_media":64242,"comment_status":"open","ping_status":"closed","template":"","meta":[],"product_brand":[],"product_cat":[405,421],"product_tag":[],"class_list":{"0":"post-64241","1":"product","2":"type-product","3":"status-publish","4":"has-post-thumbnail","6":"product_cat-chaussures","7":"product_cat-chaussures-plates","9":"first","10":"instock","11":"sale","12":"taxable","13":"shipping-taxable","14":"purchasable","15":"product-type-variable","16":"has-default-attributes"},"_links":{"self":[{"href":"https:\/\/melanybrown.com\/fr\/wp-json\/wp\/v2\/product\/64241","targetHints":{"allow":["GET"]}}],"collection":[{"href":"https:\/\/melanybrown.com\/fr\/wp-json\/wp\/v2\/product"}],"about":[{"href":"https:\/\/melanybrown.com\/fr\/wp-json\/wp\/v2\/types\/product"}],"replies":[{"embeddable":true,"href":"https:\/\/melanybrown.com\/fr\/wp-json\/wp\/v2\/comments?post=64241"}],"wp:featuredmedia":[{"embeddable":true,"href":"https:\/\/melanybrown.com\/fr\/wp-json\/wp\/v2\/media\/64242"}],"wp:attachment":[{"href":"https:\/\/melanybrown.com\/fr\/wp-json\/wp\/v2\/media?parent=64241"}],"wp:term":[{"taxonomy":"product_brand","embeddable":true,"href":"https:\/\/melanybrown.com\/fr\/wp-json\/wp\/v2\/product_brand?post=64241"},{"taxonomy":"product_cat","embeddable":true,"href":"https:\/\/melanybrown.com\/fr\/wp-json\/wp\/v2\/product_cat?post=64241"},{"taxonomy":"product_tag","embeddable":true,"href":"https:\/\/melanybrown.com\/fr\/wp-json\/wp\/v2\/product_tag?post=64241"}],"curies":[{"name":"wp","href":"https:\/\/api.w.org\/{rel}","templated":true}]}}