{"id":64262,"date":"2025-03-24T21:43:51","date_gmt":"2025-03-24T21:43:51","guid":{"rendered":"https:\/\/melanybrown.com\/sandales-karina-rose\/"},"modified":"2026-04-28T17:37:44","modified_gmt":"2026-04-28T17:37:44","slug":"sandales-karina-rose","status":"publish","type":"product","link":"https:\/\/melanybrown.com\/fr\/sandales-karina-rose\/","title":{"rendered":"Sandales KARINA Rose"},"content":{"rendered":"","protected":false},"excerpt":{"rendered":"<p>Gros coup de coeur pour ces mules orn\u00e9es de strass pour infuser une note glamour \u00e0 votre tenue. Dot\u00e9es de petits talons carr\u00e9s de 6cm ultra confortables et de larges bandes \u00e0 l&#8217;avant illumin\u00e9es de pierres, elles suivront chacun de vos pas tout en vous procurant un confort absolu.<\/p>\n","protected":false},"featured_media":64263,"comment_status":"open","ping_status":"open","template":"","meta":[],"product_brand":[],"product_cat":[405,406],"product_tag":[],"class_list":{"0":"post-64262","1":"product","2":"type-product","3":"status-publish","4":"has-post-thumbnail","6":"product_cat-chaussures","7":"product_cat-chaussures-a-talons","9":"first","10":"instock","11":"sale","12":"taxable","13":"shipping-taxable","14":"purchasable","15":"product-type-variable","16":"has-default-attributes"},"_links":{"self":[{"href":"https:\/\/melanybrown.com\/fr\/wp-json\/wp\/v2\/product\/64262","targetHints":{"allow":["GET"]}}],"collection":[{"href":"https:\/\/melanybrown.com\/fr\/wp-json\/wp\/v2\/product"}],"about":[{"href":"https:\/\/melanybrown.com\/fr\/wp-json\/wp\/v2\/types\/product"}],"replies":[{"embeddable":true,"href":"https:\/\/melanybrown.com\/fr\/wp-json\/wp\/v2\/comments?post=64262"}],"wp:featuredmedia":[{"embeddable":true,"href":"https:\/\/melanybrown.com\/fr\/wp-json\/wp\/v2\/media\/64263"}],"wp:attachment":[{"href":"https:\/\/melanybrown.com\/fr\/wp-json\/wp\/v2\/media?parent=64262"}],"wp:term":[{"taxonomy":"product_brand","embeddable":true,"href":"https:\/\/melanybrown.com\/fr\/wp-json\/wp\/v2\/product_brand?post=64262"},{"taxonomy":"product_cat","embeddable":true,"href":"https:\/\/melanybrown.com\/fr\/wp-json\/wp\/v2\/product_cat?post=64262"},{"taxonomy":"product_tag","embeddable":true,"href":"https:\/\/melanybrown.com\/fr\/wp-json\/wp\/v2\/product_tag?post=64262"}],"curies":[{"name":"wp","href":"https:\/\/api.w.org\/{rel}","templated":true}]}}