{"id":64802,"date":"2025-03-24T22:06:13","date_gmt":"2025-03-24T22:06:13","guid":{"rendered":"https:\/\/melanybrown.com\/sandales-dyna-noir\/"},"modified":"2025-06-26T22:10:46","modified_gmt":"2025-06-26T22:10:46","slug":"sandales-dyna-noir","status":"publish","type":"product","link":"https:\/\/melanybrown.com\/fr\/sandales-dyna-noir\/","title":{"rendered":"Sandales DYNA Noir"},"content":{"rendered":"","protected":false},"excerpt":{"rendered":"<p>On craque pour cette paire de sandales qui allie \u00e9l\u00e9gance et simplicit\u00e9 avec sa large bande sur le devant. Elles sont tr\u00e8s confortables avec leurs talons bloc de 12cm et rehausseront vos tenues avec une facilit\u00e9 d\u00e9concertante. Elles pourront \u00eatre port\u00e9es avec des jeans comme avec des robes toute la journ\u00e9e.<\/p>\n","protected":false},"featured_media":64803,"comment_status":"open","ping_status":"open","template":"","meta":[],"product_brand":[],"product_cat":[405,406],"product_tag":[],"class_list":{"0":"post-64802","1":"product","2":"type-product","3":"status-publish","4":"has-post-thumbnail","6":"product_cat-chaussures","7":"product_cat-chaussures-a-talons","9":"first","10":"instock","11":"taxable","12":"shipping-taxable","13":"purchasable","14":"product-type-variable","15":"has-default-attributes"},"_links":{"self":[{"href":"https:\/\/melanybrown.com\/fr\/wp-json\/wp\/v2\/product\/64802","targetHints":{"allow":["GET"]}}],"collection":[{"href":"https:\/\/melanybrown.com\/fr\/wp-json\/wp\/v2\/product"}],"about":[{"href":"https:\/\/melanybrown.com\/fr\/wp-json\/wp\/v2\/types\/product"}],"replies":[{"embeddable":true,"href":"https:\/\/melanybrown.com\/fr\/wp-json\/wp\/v2\/comments?post=64802"}],"wp:featuredmedia":[{"embeddable":true,"href":"https:\/\/melanybrown.com\/fr\/wp-json\/wp\/v2\/media\/64803"}],"wp:attachment":[{"href":"https:\/\/melanybrown.com\/fr\/wp-json\/wp\/v2\/media?parent=64802"}],"wp:term":[{"taxonomy":"product_brand","embeddable":true,"href":"https:\/\/melanybrown.com\/fr\/wp-json\/wp\/v2\/product_brand?post=64802"},{"taxonomy":"product_cat","embeddable":true,"href":"https:\/\/melanybrown.com\/fr\/wp-json\/wp\/v2\/product_cat?post=64802"},{"taxonomy":"product_tag","embeddable":true,"href":"https:\/\/melanybrown.com\/fr\/wp-json\/wp\/v2\/product_tag?post=64802"}],"curies":[{"name":"wp","href":"https:\/\/api.w.org\/{rel}","templated":true}]}}