{"id":64943,"date":"2025-03-24T22:17:45","date_gmt":"2025-03-24T22:17:45","guid":{"rendered":"https:\/\/melanybrown.com\/bottes-jamie-noir\/"},"modified":"2026-01-17T11:50:02","modified_gmt":"2026-01-17T11:50:02","slug":"bottes-jamie-noir","status":"publish","type":"product","link":"https:\/\/melanybrown.com\/fr\/bottes-jamie-noir\/","title":{"rendered":"Bottes JAMIE Noir"},"content":{"rendered":"","protected":false},"excerpt":{"rendered":"<p>On aime le style militaire de ce mod\u00e8le \u00e0 lacets dot\u00e9 d\u2019une bride avec boucle m\u00e9tallique et mont\u00e9 sur une semelle crant\u00e9e \u00e9paisse pour \u00e9lancer la silhouette et plus de confort. Pratiques, elles se referment gr\u00e2ce \u00e0 une fermeture \u00e9clair sur le cot\u00e9.<\/p>\n","protected":false},"featured_media":74424,"comment_status":"open","ping_status":"open","template":"","meta":[],"product_brand":[],"product_cat":[429,405],"product_tag":[],"class_list":{"0":"post-64943","1":"product","2":"type-product","3":"status-publish","4":"has-post-thumbnail","6":"product_cat-bottes","7":"product_cat-chaussures","9":"first","10":"instock","11":"sale","12":"taxable","13":"shipping-taxable","14":"purchasable","15":"product-type-variable","16":"has-default-attributes"},"_links":{"self":[{"href":"https:\/\/melanybrown.com\/fr\/wp-json\/wp\/v2\/product\/64943","targetHints":{"allow":["GET"]}}],"collection":[{"href":"https:\/\/melanybrown.com\/fr\/wp-json\/wp\/v2\/product"}],"about":[{"href":"https:\/\/melanybrown.com\/fr\/wp-json\/wp\/v2\/types\/product"}],"replies":[{"embeddable":true,"href":"https:\/\/melanybrown.com\/fr\/wp-json\/wp\/v2\/comments?post=64943"}],"wp:featuredmedia":[{"embeddable":true,"href":"https:\/\/melanybrown.com\/fr\/wp-json\/wp\/v2\/media\/74424"}],"wp:attachment":[{"href":"https:\/\/melanybrown.com\/fr\/wp-json\/wp\/v2\/media?parent=64943"}],"wp:term":[{"taxonomy":"product_brand","embeddable":true,"href":"https:\/\/melanybrown.com\/fr\/wp-json\/wp\/v2\/product_brand?post=64943"},{"taxonomy":"product_cat","embeddable":true,"href":"https:\/\/melanybrown.com\/fr\/wp-json\/wp\/v2\/product_cat?post=64943"},{"taxonomy":"product_tag","embeddable":true,"href":"https:\/\/melanybrown.com\/fr\/wp-json\/wp\/v2\/product_tag?post=64943"}],"curies":[{"name":"wp","href":"https:\/\/api.w.org\/{rel}","templated":true}]}}