{"id":74453,"date":"2025-03-24T22:19:21","date_gmt":"2025-03-24T22:19:21","guid":{"rendered":"https:\/\/melanybrown.com\/product\/bottes-maddox-noir\/"},"modified":"2026-02-03T13:54:00","modified_gmt":"2026-02-03T13:54:00","slug":"bottes-maddox-noir","status":"publish","type":"product","link":"https:\/\/melanybrown.com\/fr\/bottes-maddox-noir\/","title":{"rendered":"Bottes MADDOX Noir"},"content":{"rendered":"","protected":false},"excerpt":{"rendered":"<p>On craque pour ces bottines tr\u00e8s ajust\u00e9es autour du pied dot\u00e9es de semelles crant\u00e9es et orn\u00e9es de fermoirs m\u00e9talliques sur les cot\u00e9s. Elles donnent une allure \u00e9lanc\u00e9e tr\u00e8s styl\u00e9e et se referment gr\u00e2ce \u00e0 une fermeture zipp\u00e9e sur le cot\u00e9.<\/p>\n","protected":false},"featured_media":77110,"comment_status":"open","ping_status":"open","template":"","meta":[],"product_brand":[],"product_cat":[429,405],"product_tag":[],"class_list":{"0":"post-74453","1":"product","2":"type-product","3":"status-publish","4":"has-post-thumbnail","6":"product_cat-bottes","7":"product_cat-chaussures","9":"first","10":"instock","11":"sale","12":"taxable","13":"shipping-taxable","14":"purchasable","15":"product-type-variable","16":"has-default-attributes"},"_links":{"self":[{"href":"https:\/\/melanybrown.com\/fr\/wp-json\/wp\/v2\/product\/74453","targetHints":{"allow":["GET"]}}],"collection":[{"href":"https:\/\/melanybrown.com\/fr\/wp-json\/wp\/v2\/product"}],"about":[{"href":"https:\/\/melanybrown.com\/fr\/wp-json\/wp\/v2\/types\/product"}],"replies":[{"embeddable":true,"href":"https:\/\/melanybrown.com\/fr\/wp-json\/wp\/v2\/comments?post=74453"}],"wp:featuredmedia":[{"embeddable":true,"href":"https:\/\/melanybrown.com\/fr\/wp-json\/wp\/v2\/media\/77110"}],"wp:attachment":[{"href":"https:\/\/melanybrown.com\/fr\/wp-json\/wp\/v2\/media?parent=74453"}],"wp:term":[{"taxonomy":"product_brand","embeddable":true,"href":"https:\/\/melanybrown.com\/fr\/wp-json\/wp\/v2\/product_brand?post=74453"},{"taxonomy":"product_cat","embeddable":true,"href":"https:\/\/melanybrown.com\/fr\/wp-json\/wp\/v2\/product_cat?post=74453"},{"taxonomy":"product_tag","embeddable":true,"href":"https:\/\/melanybrown.com\/fr\/wp-json\/wp\/v2\/product_tag?post=74453"}],"curies":[{"name":"wp","href":"https:\/\/api.w.org\/{rel}","templated":true}]}}