{"id":74656,"date":"2025-03-24T22:11:02","date_gmt":"2025-03-24T22:11:02","guid":{"rendered":"https:\/\/melanybrown.com\/sandales-pandora-vert\/"},"modified":"2025-09-23T12:08:55","modified_gmt":"2025-09-23T12:08:55","slug":"sandales-pandora-vert","status":"publish","type":"product","link":"https:\/\/melanybrown.com\/fr\/sandales-pandora-vert\/","title":{"rendered":"Sandales PANDORA Vert"},"content":{"rendered":"","protected":false},"excerpt":{"rendered":"<p>Un vent de fra\u00eecheur souffle sur nos petits pieds avec ces sandales plates color\u00e9es d\u00e9clin\u00e9es en satin et orn\u00e9es de larges bandes avec des boucles agr\u00e9ment\u00e9es de pierres et cristaux! Autant d\u2019atouts pour nous faire craquer!<\/p>\n","protected":false},"featured_media":74657,"comment_status":"open","ping_status":"open","template":"","meta":[],"product_brand":[],"product_cat":[405,421],"product_tag":[],"class_list":{"0":"post-74656","1":"product","2":"type-product","3":"status-publish","4":"has-post-thumbnail","6":"product_cat-chaussures","7":"product_cat-chaussures-plates","9":"first","10":"instock","11":"sale","12":"taxable","13":"shipping-taxable","14":"purchasable","15":"product-type-variable","16":"has-default-attributes"},"_links":{"self":[{"href":"https:\/\/melanybrown.com\/fr\/wp-json\/wp\/v2\/product\/74656","targetHints":{"allow":["GET"]}}],"collection":[{"href":"https:\/\/melanybrown.com\/fr\/wp-json\/wp\/v2\/product"}],"about":[{"href":"https:\/\/melanybrown.com\/fr\/wp-json\/wp\/v2\/types\/product"}],"replies":[{"embeddable":true,"href":"https:\/\/melanybrown.com\/fr\/wp-json\/wp\/v2\/comments?post=74656"}],"wp:featuredmedia":[{"embeddable":true,"href":"https:\/\/melanybrown.com\/fr\/wp-json\/wp\/v2\/media\/74657"}],"wp:attachment":[{"href":"https:\/\/melanybrown.com\/fr\/wp-json\/wp\/v2\/media?parent=74656"}],"wp:term":[{"taxonomy":"product_brand","embeddable":true,"href":"https:\/\/melanybrown.com\/fr\/wp-json\/wp\/v2\/product_brand?post=74656"},{"taxonomy":"product_cat","embeddable":true,"href":"https:\/\/melanybrown.com\/fr\/wp-json\/wp\/v2\/product_cat?post=74656"},{"taxonomy":"product_tag","embeddable":true,"href":"https:\/\/melanybrown.com\/fr\/wp-json\/wp\/v2\/product_tag?post=74656"}],"curies":[{"name":"wp","href":"https:\/\/api.w.org\/{rel}","templated":true}]}}