{"id":74777,"date":"2025-03-24T21:37:09","date_gmt":"2025-03-24T21:37:09","guid":{"rendered":"https:\/\/melanybrown.com\/product\/pochette-eclat-or\/"},"modified":"2025-12-25T18:31:17","modified_gmt":"2025-12-25T18:31:17","slug":"pochette-eclat-or","status":"publish","type":"product","link":"https:\/\/melanybrown.com\/fr\/pochette-eclat-or\/","title":{"rendered":"Pochette ECLAT Or"},"content":{"rendered":"","protected":false},"excerpt":{"rendered":"<p>Brillez de mille feux avec cette minaudi\u00e8re habill\u00e9e de lumi\u00e8re au format rectangulaire dot\u00e9e d&#8217;un fermoir m\u00e9tallique dor\u00e9 tr\u00e8s glamour. Elle sera parfaite pour emporter le strict n\u00e9cessaire en soir\u00e9e, \u00e0 savoir un rouge \u00e0 l\u00e8vre, un t\u00e9l\u00e9phone et votre carte bleue!<\/p>\n","protected":false},"featured_media":74778,"comment_status":"open","ping_status":"open","template":"","meta":[],"product_brand":[],"product_cat":[358,357],"product_tag":[],"class_list":{"0":"post-74777","1":"product","2":"type-product","3":"status-publish","4":"has-post-thumbnail","6":"product_cat-pochettes","7":"product_cat-sacs","9":"first","10":"instock","11":"sale","12":"taxable","13":"shipping-taxable","14":"purchasable","15":"product-type-simple"},"_links":{"self":[{"href":"https:\/\/melanybrown.com\/fr\/wp-json\/wp\/v2\/product\/74777","targetHints":{"allow":["GET"]}}],"collection":[{"href":"https:\/\/melanybrown.com\/fr\/wp-json\/wp\/v2\/product"}],"about":[{"href":"https:\/\/melanybrown.com\/fr\/wp-json\/wp\/v2\/types\/product"}],"replies":[{"embeddable":true,"href":"https:\/\/melanybrown.com\/fr\/wp-json\/wp\/v2\/comments?post=74777"}],"wp:featuredmedia":[{"embeddable":true,"href":"https:\/\/melanybrown.com\/fr\/wp-json\/wp\/v2\/media\/74778"}],"wp:attachment":[{"href":"https:\/\/melanybrown.com\/fr\/wp-json\/wp\/v2\/media?parent=74777"}],"wp:term":[{"taxonomy":"product_brand","embeddable":true,"href":"https:\/\/melanybrown.com\/fr\/wp-json\/wp\/v2\/product_brand?post=74777"},{"taxonomy":"product_cat","embeddable":true,"href":"https:\/\/melanybrown.com\/fr\/wp-json\/wp\/v2\/product_cat?post=74777"},{"taxonomy":"product_tag","embeddable":true,"href":"https:\/\/melanybrown.com\/fr\/wp-json\/wp\/v2\/product_tag?post=74777"}],"curies":[{"name":"wp","href":"https:\/\/api.w.org\/{rel}","templated":true}]}}