{"id":74790,"date":"2025-03-24T21:37:10","date_gmt":"2025-03-24T21:37:10","guid":{"rendered":"https:\/\/melanybrown.com\/product\/pochette-diva-or\/"},"modified":"2025-12-25T18:33:36","modified_gmt":"2025-12-25T18:33:36","slug":"pochette-diva-or","status":"publish","type":"product","link":"https:\/\/melanybrown.com\/fr\/pochette-diva-or\/","title":{"rendered":"Pochette DIVA Or"},"content":{"rendered":"","protected":false},"excerpt":{"rendered":"<p>Scintillez en soir\u00e9e gr\u00e2ce \u00e0 cette sublime pochette en satin habill\u00e9e de strass sur le devant. Elle se mariera \u00e0 la perfection avec vos robes de soir\u00e9es et vous donnera un look des plus lumineux!<\/p>\n","protected":false},"featured_media":74791,"comment_status":"open","ping_status":"open","template":"","meta":[],"product_brand":[],"product_cat":[358,357],"product_tag":[],"class_list":{"0":"post-74790","1":"product","2":"type-product","3":"status-publish","4":"has-post-thumbnail","6":"product_cat-pochettes","7":"product_cat-sacs","9":"first","10":"instock","11":"sale","12":"taxable","13":"shipping-taxable","14":"purchasable","15":"product-type-simple"},"_links":{"self":[{"href":"https:\/\/melanybrown.com\/fr\/wp-json\/wp\/v2\/product\/74790","targetHints":{"allow":["GET"]}}],"collection":[{"href":"https:\/\/melanybrown.com\/fr\/wp-json\/wp\/v2\/product"}],"about":[{"href":"https:\/\/melanybrown.com\/fr\/wp-json\/wp\/v2\/types\/product"}],"replies":[{"embeddable":true,"href":"https:\/\/melanybrown.com\/fr\/wp-json\/wp\/v2\/comments?post=74790"}],"wp:featuredmedia":[{"embeddable":true,"href":"https:\/\/melanybrown.com\/fr\/wp-json\/wp\/v2\/media\/74791"}],"wp:attachment":[{"href":"https:\/\/melanybrown.com\/fr\/wp-json\/wp\/v2\/media?parent=74790"}],"wp:term":[{"taxonomy":"product_brand","embeddable":true,"href":"https:\/\/melanybrown.com\/fr\/wp-json\/wp\/v2\/product_brand?post=74790"},{"taxonomy":"product_cat","embeddable":true,"href":"https:\/\/melanybrown.com\/fr\/wp-json\/wp\/v2\/product_cat?post=74790"},{"taxonomy":"product_tag","embeddable":true,"href":"https:\/\/melanybrown.com\/fr\/wp-json\/wp\/v2\/product_tag?post=74790"}],"curies":[{"name":"wp","href":"https:\/\/api.w.org\/{rel}","templated":true}]}}