{"id":74812,"date":"2025-03-24T21:37:11","date_gmt":"2025-03-24T21:37:11","guid":{"rendered":"https:\/\/melanybrown.com\/product\/pochette-crystal-argent\/"},"modified":"2025-12-25T18:29:08","modified_gmt":"2025-12-25T18:29:08","slug":"pochette-crystal-argent","status":"publish","type":"product","link":"https:\/\/melanybrown.com\/fr\/pochette-crystal-argent\/","title":{"rendered":"Pochette CRYSTAL Argent"},"content":{"rendered":"","protected":false},"excerpt":{"rendered":"<p>Ajoutez une touche de glamour \u00e0 votre tenue gr\u00e2ce \u00e0 cette magnifique minaudi\u00e8re simple et \u00e9l\u00e9gante. Dot\u00e9e d&#8217;un fermoir m\u00e9tallique \u00e0 clip se porte \u00e0 la main pour un look plein de raffinement. Dimensions: 18&#215;11,5&#215;4 cm<\/p>\n","protected":false},"featured_media":74813,"comment_status":"open","ping_status":"open","template":"","meta":[],"product_brand":[],"product_cat":[358,357],"product_tag":[],"class_list":{"0":"post-74812","1":"product","2":"type-product","3":"status-publish","4":"has-post-thumbnail","6":"product_cat-pochettes","7":"product_cat-sacs","9":"first","10":"instock","11":"sale","12":"taxable","13":"shipping-taxable","14":"purchasable","15":"product-type-simple"},"_links":{"self":[{"href":"https:\/\/melanybrown.com\/fr\/wp-json\/wp\/v2\/product\/74812","targetHints":{"allow":["GET"]}}],"collection":[{"href":"https:\/\/melanybrown.com\/fr\/wp-json\/wp\/v2\/product"}],"about":[{"href":"https:\/\/melanybrown.com\/fr\/wp-json\/wp\/v2\/types\/product"}],"replies":[{"embeddable":true,"href":"https:\/\/melanybrown.com\/fr\/wp-json\/wp\/v2\/comments?post=74812"}],"wp:featuredmedia":[{"embeddable":true,"href":"https:\/\/melanybrown.com\/fr\/wp-json\/wp\/v2\/media\/74813"}],"wp:attachment":[{"href":"https:\/\/melanybrown.com\/fr\/wp-json\/wp\/v2\/media?parent=74812"}],"wp:term":[{"taxonomy":"product_brand","embeddable":true,"href":"https:\/\/melanybrown.com\/fr\/wp-json\/wp\/v2\/product_brand?post=74812"},{"taxonomy":"product_cat","embeddable":true,"href":"https:\/\/melanybrown.com\/fr\/wp-json\/wp\/v2\/product_cat?post=74812"},{"taxonomy":"product_tag","embeddable":true,"href":"https:\/\/melanybrown.com\/fr\/wp-json\/wp\/v2\/product_tag?post=74812"}],"curies":[{"name":"wp","href":"https:\/\/api.w.org\/{rel}","templated":true}]}}