{"id":74818,"date":"2025-03-24T21:37:11","date_gmt":"2025-03-24T21:37:11","guid":{"rendered":"https:\/\/melanybrown.com\/product\/pochette-eden-argent\/"},"modified":"2025-12-25T18:42:49","modified_gmt":"2025-12-25T18:42:49","slug":"pochette-eden-argent","status":"publish","type":"product","link":"https:\/\/melanybrown.com\/fr\/pochette-eden-argent\/","title":{"rendered":"Pochette EDEN Argent"},"content":{"rendered":"","protected":false},"excerpt":{"rendered":"<p>Effet luxe garanti gr\u00e2ce \u00e0 cette pochette de f\u00eate habill\u00e9e de lumi\u00e8re simple et \u00e9l\u00e9gante pour rehausser votre tenue et attirer tous les regards. Elle se ferme gr\u00e2ce \u00e0 un fermoir \u00e0 clip m\u00e9tallique<\/p>\n","protected":false},"featured_media":74819,"comment_status":"open","ping_status":"open","template":"","meta":[],"product_brand":[],"product_cat":[358,357],"product_tag":[],"class_list":{"0":"post-74818","1":"product","2":"type-product","3":"status-publish","4":"has-post-thumbnail","6":"product_cat-pochettes","7":"product_cat-sacs","9":"first","10":"instock","11":"sale","12":"taxable","13":"shipping-taxable","14":"purchasable","15":"product-type-simple"},"_links":{"self":[{"href":"https:\/\/melanybrown.com\/fr\/wp-json\/wp\/v2\/product\/74818","targetHints":{"allow":["GET"]}}],"collection":[{"href":"https:\/\/melanybrown.com\/fr\/wp-json\/wp\/v2\/product"}],"about":[{"href":"https:\/\/melanybrown.com\/fr\/wp-json\/wp\/v2\/types\/product"}],"replies":[{"embeddable":true,"href":"https:\/\/melanybrown.com\/fr\/wp-json\/wp\/v2\/comments?post=74818"}],"wp:featuredmedia":[{"embeddable":true,"href":"https:\/\/melanybrown.com\/fr\/wp-json\/wp\/v2\/media\/74819"}],"wp:attachment":[{"href":"https:\/\/melanybrown.com\/fr\/wp-json\/wp\/v2\/media?parent=74818"}],"wp:term":[{"taxonomy":"product_brand","embeddable":true,"href":"https:\/\/melanybrown.com\/fr\/wp-json\/wp\/v2\/product_brand?post=74818"},{"taxonomy":"product_cat","embeddable":true,"href":"https:\/\/melanybrown.com\/fr\/wp-json\/wp\/v2\/product_cat?post=74818"},{"taxonomy":"product_tag","embeddable":true,"href":"https:\/\/melanybrown.com\/fr\/wp-json\/wp\/v2\/product_tag?post=74818"}],"curies":[{"name":"wp","href":"https:\/\/api.w.org\/{rel}","templated":true}]}}