{"id":75067,"date":"2025-03-24T21:37:43","date_gmt":"2025-03-24T21:37:43","guid":{"rendered":"https:\/\/melanybrown.com\/product\/sac-a-main-venus-beige\/"},"modified":"2026-03-29T16:12:43","modified_gmt":"2026-03-29T16:12:43","slug":"sac-a-main-venus-beige","status":"publish","type":"product","link":"https:\/\/melanybrown.com\/fr\/sac-a-main-venus-beige\/","title":{"rendered":"Sac \u00e0 main VENUS Beige"},"content":{"rendered":"","protected":false},"excerpt":{"rendered":"<p>On ne r\u00e9siste pas \u00e0 ce tr\u00e8s beau mod\u00e8le au format rectangulaire tr\u00e8s souple et tr\u00e8s f\u00e9minin qui se porte \u00e0 l&#8217;\u00e9paule. On aime son style passe partout, parfait pour tous les jours . Dimensions 22x31x14 CM<\/p>\n","protected":false},"featured_media":75068,"comment_status":"open","ping_status":"open","template":"","meta":[],"product_brand":[],"product_cat":[357,384],"product_tag":[],"class_list":{"0":"post-75067","1":"product","2":"type-product","3":"status-publish","4":"has-post-thumbnail","6":"product_cat-sacs","7":"product_cat-sacs-a-main","9":"first","10":"instock","11":"sale","12":"taxable","13":"shipping-taxable","14":"purchasable","15":"product-type-simple"},"_links":{"self":[{"href":"https:\/\/melanybrown.com\/fr\/wp-json\/wp\/v2\/product\/75067","targetHints":{"allow":["GET"]}}],"collection":[{"href":"https:\/\/melanybrown.com\/fr\/wp-json\/wp\/v2\/product"}],"about":[{"href":"https:\/\/melanybrown.com\/fr\/wp-json\/wp\/v2\/types\/product"}],"replies":[{"embeddable":true,"href":"https:\/\/melanybrown.com\/fr\/wp-json\/wp\/v2\/comments?post=75067"}],"wp:featuredmedia":[{"embeddable":true,"href":"https:\/\/melanybrown.com\/fr\/wp-json\/wp\/v2\/media\/75068"}],"wp:attachment":[{"href":"https:\/\/melanybrown.com\/fr\/wp-json\/wp\/v2\/media?parent=75067"}],"wp:term":[{"taxonomy":"product_brand","embeddable":true,"href":"https:\/\/melanybrown.com\/fr\/wp-json\/wp\/v2\/product_brand?post=75067"},{"taxonomy":"product_cat","embeddable":true,"href":"https:\/\/melanybrown.com\/fr\/wp-json\/wp\/v2\/product_cat?post=75067"},{"taxonomy":"product_tag","embeddable":true,"href":"https:\/\/melanybrown.com\/fr\/wp-json\/wp\/v2\/product_tag?post=75067"}],"curies":[{"name":"wp","href":"https:\/\/api.w.org\/{rel}","templated":true}]}}