{"id":75125,"date":"2025-03-24T21:37:51","date_gmt":"2025-03-24T21:37:51","guid":{"rendered":"https:\/\/melanybrown.com\/product\/sac-a-main-vamp-beige\/"},"modified":"2025-12-25T16:19:21","modified_gmt":"2025-12-25T16:19:21","slug":"sac-a-main-vamp-beige","status":"publish","type":"product","link":"https:\/\/melanybrown.com\/fr\/sac-a-main-vamp-beige\/","title":{"rendered":"Sac \u00e0 main VAMP Beige"},"content":{"rendered":"","protected":false},"excerpt":{"rendered":"<p>Difficile de ne pas craquer pour ce sac classique et intemporel. Dot\u00e9 d&#8217;un texture en croco et d&#8217;une femeture \u00e0 glissi\u00e8re, il est l\u00e9ger et son format moyen en fera un compagnon parfait pour tous les jours!<\/p>\n","protected":false},"featured_media":75126,"comment_status":"open","ping_status":"open","template":"","meta":[],"product_brand":[],"product_cat":[357,384],"product_tag":[],"class_list":{"0":"post-75125","1":"product","2":"type-product","3":"status-publish","4":"has-post-thumbnail","6":"product_cat-sacs","7":"product_cat-sacs-a-main","9":"first","10":"instock","11":"sale","12":"taxable","13":"shipping-taxable","14":"purchasable","15":"product-type-simple"},"_links":{"self":[{"href":"https:\/\/melanybrown.com\/fr\/wp-json\/wp\/v2\/product\/75125","targetHints":{"allow":["GET"]}}],"collection":[{"href":"https:\/\/melanybrown.com\/fr\/wp-json\/wp\/v2\/product"}],"about":[{"href":"https:\/\/melanybrown.com\/fr\/wp-json\/wp\/v2\/types\/product"}],"replies":[{"embeddable":true,"href":"https:\/\/melanybrown.com\/fr\/wp-json\/wp\/v2\/comments?post=75125"}],"wp:featuredmedia":[{"embeddable":true,"href":"https:\/\/melanybrown.com\/fr\/wp-json\/wp\/v2\/media\/75126"}],"wp:attachment":[{"href":"https:\/\/melanybrown.com\/fr\/wp-json\/wp\/v2\/media?parent=75125"}],"wp:term":[{"taxonomy":"product_brand","embeddable":true,"href":"https:\/\/melanybrown.com\/fr\/wp-json\/wp\/v2\/product_brand?post=75125"},{"taxonomy":"product_cat","embeddable":true,"href":"https:\/\/melanybrown.com\/fr\/wp-json\/wp\/v2\/product_cat?post=75125"},{"taxonomy":"product_tag","embeddable":true,"href":"https:\/\/melanybrown.com\/fr\/wp-json\/wp\/v2\/product_tag?post=75125"}],"curies":[{"name":"wp","href":"https:\/\/api.w.org\/{rel}","templated":true}]}}