{"id":75228,"date":"2025-03-24T21:38:11","date_gmt":"2025-03-24T21:38:11","guid":{"rendered":"https:\/\/melanybrown.com\/product\/sac-a-main-croco-bordeaux\/"},"modified":"2025-12-25T16:39:10","modified_gmt":"2025-12-25T16:39:10","slug":"sac-a-main-croco-bordeaux","status":"publish","type":"product","link":"https:\/\/melanybrown.com\/fr\/sac-a-main-croco-bordeaux\/","title":{"rendered":"Sac \u00e0 main CROCO Bordeaux"},"content":{"rendered":"","protected":false},"excerpt":{"rendered":"<p>Pile dans la tendance chic et d\u00e9contract\u00e9e, ce sac \u00e0 rabat aux allures vintage vous fera forc\u00e9ment craquer. Il est dot\u00e9 de deux anses, une longue pour un port\u00e9 bandouli\u00e8re ou une large anse courte pour un port\u00e9 \u00e9paule et dispose de pleins de compartiments \u00e0 rangement. Un vrai coup de c\u0153ur!<\/p>\n","protected":false},"featured_media":75229,"comment_status":"open","ping_status":"open","template":"","meta":[],"product_brand":[],"product_cat":[357,384],"product_tag":[],"class_list":{"0":"post-75228","1":"product","2":"type-product","3":"status-publish","4":"has-post-thumbnail","6":"product_cat-sacs","7":"product_cat-sacs-a-main","9":"first","10":"instock","11":"sale","12":"taxable","13":"shipping-taxable","14":"purchasable","15":"product-type-simple"},"_links":{"self":[{"href":"https:\/\/melanybrown.com\/fr\/wp-json\/wp\/v2\/product\/75228","targetHints":{"allow":["GET"]}}],"collection":[{"href":"https:\/\/melanybrown.com\/fr\/wp-json\/wp\/v2\/product"}],"about":[{"href":"https:\/\/melanybrown.com\/fr\/wp-json\/wp\/v2\/types\/product"}],"replies":[{"embeddable":true,"href":"https:\/\/melanybrown.com\/fr\/wp-json\/wp\/v2\/comments?post=75228"}],"wp:featuredmedia":[{"embeddable":true,"href":"https:\/\/melanybrown.com\/fr\/wp-json\/wp\/v2\/media\/75229"}],"wp:attachment":[{"href":"https:\/\/melanybrown.com\/fr\/wp-json\/wp\/v2\/media?parent=75228"}],"wp:term":[{"taxonomy":"product_brand","embeddable":true,"href":"https:\/\/melanybrown.com\/fr\/wp-json\/wp\/v2\/product_brand?post=75228"},{"taxonomy":"product_cat","embeddable":true,"href":"https:\/\/melanybrown.com\/fr\/wp-json\/wp\/v2\/product_cat?post=75228"},{"taxonomy":"product_tag","embeddable":true,"href":"https:\/\/melanybrown.com\/fr\/wp-json\/wp\/v2\/product_tag?post=75228"}],"curies":[{"name":"wp","href":"https:\/\/api.w.org\/{rel}","templated":true}]}}