{"id":75473,"date":"2025-03-24T21:41:40","date_gmt":"2025-03-24T21:41:40","guid":{"rendered":"https:\/\/melanybrown.com\/product\/sandales-eliza-noir-tissu\/"},"modified":"2026-04-03T12:00:17","modified_gmt":"2026-04-03T12:00:17","slug":"sandales-eliza-noir-tissu","status":"publish","type":"product","link":"https:\/\/melanybrown.com\/fr\/sandales-eliza-noir-tissu\/","title":{"rendered":"Sandales ELIZA Noir Tissu"},"content":{"rendered":"","protected":false},"excerpt":{"rendered":"<p>On aime la simplicit\u00e9 et en m\u00eame temps l&#8217;\u00e9l\u00e9gance de ces sandales plates en simili cuir lisse orn\u00e9es de boucles incrust\u00e9es de pierres pour la touche glamour. Dot\u00e9es de larges bandes \u00e0 l&#8217;avant pour un bon matien du pied, elles suivront chacun de vos pas tout en vous procurant un confort absolu.<\/p>\n","protected":false},"featured_media":75474,"comment_status":"open","ping_status":"closed","template":"","meta":[],"product_brand":[],"product_cat":[405,421],"product_tag":[],"class_list":{"0":"post-75473","1":"product","2":"type-product","3":"status-publish","4":"has-post-thumbnail","6":"product_cat-chaussures","7":"product_cat-chaussures-plates","9":"first","10":"instock","11":"sale","12":"taxable","13":"shipping-taxable","14":"purchasable","15":"product-type-variable","16":"has-default-attributes"},"_links":{"self":[{"href":"https:\/\/melanybrown.com\/fr\/wp-json\/wp\/v2\/product\/75473","targetHints":{"allow":["GET"]}}],"collection":[{"href":"https:\/\/melanybrown.com\/fr\/wp-json\/wp\/v2\/product"}],"about":[{"href":"https:\/\/melanybrown.com\/fr\/wp-json\/wp\/v2\/types\/product"}],"replies":[{"embeddable":true,"href":"https:\/\/melanybrown.com\/fr\/wp-json\/wp\/v2\/comments?post=75473"}],"wp:featuredmedia":[{"embeddable":true,"href":"https:\/\/melanybrown.com\/fr\/wp-json\/wp\/v2\/media\/75474"}],"wp:attachment":[{"href":"https:\/\/melanybrown.com\/fr\/wp-json\/wp\/v2\/media?parent=75473"}],"wp:term":[{"taxonomy":"product_brand","embeddable":true,"href":"https:\/\/melanybrown.com\/fr\/wp-json\/wp\/v2\/product_brand?post=75473"},{"taxonomy":"product_cat","embeddable":true,"href":"https:\/\/melanybrown.com\/fr\/wp-json\/wp\/v2\/product_cat?post=75473"},{"taxonomy":"product_tag","embeddable":true,"href":"https:\/\/melanybrown.com\/fr\/wp-json\/wp\/v2\/product_tag?post=75473"}],"curies":[{"name":"wp","href":"https:\/\/api.w.org\/{rel}","templated":true}]}}