{"id":76010,"date":"2025-03-24T22:10:13","date_gmt":"2025-03-24T22:10:13","guid":{"rendered":"https:\/\/melanybrown.com\/product\/sandales-lolita-bleu\/"},"modified":"2026-03-28T23:01:12","modified_gmt":"2026-03-28T23:01:12","slug":"sandales-lolita-argent","status":"publish","type":"product","link":"https:\/\/melanybrown.com\/fr\/sandales-lolita-argent\/","title":{"rendered":"Sandales LOLITA Argent"},"content":{"rendered":"","protected":false},"excerpt":{"rendered":"<p>La mule est \u00e0 l&#8217;honneur cette saison avec ce mod\u00e8le \u00e0 lani\u00e8res m\u00e9tallis\u00e9 en simili cuir. Dot\u00e9 d&#8217;un talon carr\u00e9 tr\u00e8s confortable, ce mod\u00e8le polyvalent pourra aussi bien accompagner une tenue de soir\u00e9e qu&#8217;un jean court en journ\u00e9e!<\/p>\n","protected":false},"featured_media":76799,"comment_status":"open","ping_status":"open","template":"","meta":[],"product_brand":[],"product_cat":[405,406],"product_tag":[],"class_list":{"0":"post-76010","1":"product","2":"type-product","3":"status-publish","4":"has-post-thumbnail","6":"product_cat-chaussures","7":"product_cat-chaussures-a-talons","9":"first","10":"instock","11":"sale","12":"taxable","13":"shipping-taxable","14":"purchasable","15":"product-type-variable","16":"has-default-attributes"},"_links":{"self":[{"href":"https:\/\/melanybrown.com\/fr\/wp-json\/wp\/v2\/product\/76010","targetHints":{"allow":["GET"]}}],"collection":[{"href":"https:\/\/melanybrown.com\/fr\/wp-json\/wp\/v2\/product"}],"about":[{"href":"https:\/\/melanybrown.com\/fr\/wp-json\/wp\/v2\/types\/product"}],"replies":[{"embeddable":true,"href":"https:\/\/melanybrown.com\/fr\/wp-json\/wp\/v2\/comments?post=76010"}],"wp:featuredmedia":[{"embeddable":true,"href":"https:\/\/melanybrown.com\/fr\/wp-json\/wp\/v2\/media\/76799"}],"wp:attachment":[{"href":"https:\/\/melanybrown.com\/fr\/wp-json\/wp\/v2\/media?parent=76010"}],"wp:term":[{"taxonomy":"product_brand","embeddable":true,"href":"https:\/\/melanybrown.com\/fr\/wp-json\/wp\/v2\/product_brand?post=76010"},{"taxonomy":"product_cat","embeddable":true,"href":"https:\/\/melanybrown.com\/fr\/wp-json\/wp\/v2\/product_cat?post=76010"},{"taxonomy":"product_tag","embeddable":true,"href":"https:\/\/melanybrown.com\/fr\/wp-json\/wp\/v2\/product_tag?post=76010"}],"curies":[{"name":"wp","href":"https:\/\/api.w.org\/{rel}","templated":true}]}}