{"id":77458,"date":"2025-06-26T21:55:36","date_gmt":"2025-06-26T21:55:36","guid":{"rendered":"https:\/\/melanybrown.com\/product\/sandales-saskia-or-croco\/"},"modified":"2026-04-17T17:04:11","modified_gmt":"2026-04-17T17:04:11","slug":"sandales-saskia-or-croco","status":"publish","type":"product","link":"https:\/\/melanybrown.com\/fr\/sandales-saskia-or-croco\/","title":{"rendered":"Sandales SASKIA Or Croco"},"content":{"rendered":"","protected":false},"excerpt":{"rendered":"<p>Magnifiques sandales plateformes de 12cm tr\u00e8s confortables. Crois\u00e9es avec un n\u0153ud devant, elles sont dot\u00e9es de lani\u00e8res autour de la cheville, et se ferment sur le c\u00f4t\u00e9. Elles font tr\u00e8s sophistiqu\u00e9es et ultra glamour!! On adore!<\/p>\n","protected":false},"featured_media":0,"comment_status":"open","ping_status":"closed","template":"","meta":[],"product_brand":[],"product_cat":[405,406],"product_tag":[],"class_list":{"0":"post-77458","1":"product","2":"type-product","3":"status-publish","5":"product_cat-chaussures","6":"product_cat-chaussures-a-talons","8":"first","9":"outofstock","10":"taxable","11":"shipping-taxable","12":"purchasable","13":"product-type-variable","14":"has-default-attributes"},"_links":{"self":[{"href":"https:\/\/melanybrown.com\/fr\/wp-json\/wp\/v2\/product\/77458","targetHints":{"allow":["GET"]}}],"collection":[{"href":"https:\/\/melanybrown.com\/fr\/wp-json\/wp\/v2\/product"}],"about":[{"href":"https:\/\/melanybrown.com\/fr\/wp-json\/wp\/v2\/types\/product"}],"replies":[{"embeddable":true,"href":"https:\/\/melanybrown.com\/fr\/wp-json\/wp\/v2\/comments?post=77458"}],"wp:attachment":[{"href":"https:\/\/melanybrown.com\/fr\/wp-json\/wp\/v2\/media?parent=77458"}],"wp:term":[{"taxonomy":"product_brand","embeddable":true,"href":"https:\/\/melanybrown.com\/fr\/wp-json\/wp\/v2\/product_brand?post=77458"},{"taxonomy":"product_cat","embeddable":true,"href":"https:\/\/melanybrown.com\/fr\/wp-json\/wp\/v2\/product_cat?post=77458"},{"taxonomy":"product_tag","embeddable":true,"href":"https:\/\/melanybrown.com\/fr\/wp-json\/wp\/v2\/product_tag?post=77458"}],"curies":[{"name":"wp","href":"https:\/\/api.w.org\/{rel}","templated":true}]}}